{"id":630,"date":"2020-10-20T14:41:50","date_gmt":"2020-10-20T12:41:50","guid":{"rendered":"https:\/\/tannact.com\/?page_id=630"},"modified":"2020-11-25T14:10:35","modified_gmt":"2020-11-25T13:10:35","slug":"mentions-legales","status":"publish","type":"page","link":"https:\/\/tannact.com\/fr\/mentions-legales\/","title":{"rendered":"Mentions l\u00e9gales"},"content":{"rendered":"\n    \n    <section class=\"u-align-center u-clearfix u-section-2\" id=\"sec-3201\">\n      <div class=\"u-clearfix u-sheet u-valign-middle u-sheet-1\">\n        <h1 class=\"u-text u-text-default u-title u-text-1\">Mentions l\u00e9gales<\/h1>\n      <\/div>\n    <\/section>\n    <section class=\"u-clearfix u-section-3\" id=\"sec-17ec\">\n      <div class=\"u-clearfix u-sheet u-valign-middle u-sheet-1\">\n        <h5 class=\"u-text u-text-1\">Pr\u00e9sentation de la soci\u00e9t\u00e9 SOCIETE DE CUIRS ET PEAUX (S.C.P.)<\/h5>\n        <p class=\"u-align-justify u-text u-text-2\"><b style=\"\">SOCIETE DE CUIRS ET PEAUX<\/b>, soci\u00e9t\u00e9 \u00e0 responsabilit\u00e9 limit\u00e9e est en activit\u00e9 depuis 36 ans.<br>Situ\u00e9e \u00e0 MAZAMET (81200), elle est sp\u00e9cialis\u00e9e dans le secteur d'activit\u00e9 de l'appr\u00eat et tannage des cuirs, pr\u00e9paration et teinture des fourrures. Son effectif est compris entre 1 et 2 salari\u00e9s.<br>Sur l'ann\u00e9e 2014 elle r\u00e9alise un chiffre d'affaires de&nbsp;1&nbsp;836&nbsp;800,00 \u20ac.\n        <\/p>\n      <\/div>\n    <\/section>\n    <section class=\"u-clearfix u-section-4\" id=\"carousel_5c79\">\n      <div class=\"u-clearfix u-sheet u-valign-middle u-sheet-1\">\n        <h5 class=\"u-text u-text-1\">Renseignements juridiques<\/h5>\n        <p class=\"u-align-justify u-text u-text-2\">Statut RCS : Immatricul\u00e9e au RCS le 04-07-1984<br>Statut INSEE : Enregistr\u00e9e \u00e0 l'INSEE le 01-06-1984<br>D\u00e9nomination : SOCIETE DE CUIRS ET PEAUX<br>Adresse :&nbsp;IMEXCUIR ET ANDRE BENNE, 74 RUE DE STRASBOURG 81200 MAZAMET<br>SIREN : 330&nbsp;128&nbsp;257<br>SIRET (siege) : 33012825700020<br>Forme juridique : Soci\u00e9t\u00e9 \u00e0 responsabilit\u00e9 limit\u00e9e<br>Date immatriculation RCS : 04-07-1984<br>Tranche d'effectif : 1 \u00e0 2 salari\u00e9s<br>Capital social : 20&nbsp;000,00 \u20ac<br>G\u00e9rant :&nbsp;M Jerome MAINI\n        <\/p>\n      <\/div>\n    <\/section>\n    <section class=\"u-clearfix u-section-5\" id=\"carousel_68f5\">\n      <div class=\"u-clearfix u-sheet u-valign-middle u-sheet-1\">\n        <h5 class=\"u-text u-text-1\">Conception du site<\/h5>\n        <p class=\"u-text u-text-2\">\n          <a href=\"https:\/\/bioui.fr\/\" class=\"u-active-none u-border-none u-btn u-button-style u-hover-none u-none u-text-palette-1-base u-btn-1\" target=\"_blank\">BiOui Communication<\/a>\n          <br>1 Boulevard Carnot MBE 310 \u2013 81000 ALBI<br>\n        <\/p>\n      <\/div>\n    <\/section>\n    <section class=\"u-clearfix u-section-6\" id=\"carousel_5463\">\n      <div class=\"u-clearfix u-sheet u-valign-middle u-sheet-1\">\n        <h5 class=\"u-text u-text-1\">H\u00e9bergement<\/h5>\n        <p class=\"u-align-justify u-text u-text-2\">SCALEWAY<br>Soci\u00e9t\u00e9 par Actions Simplifi\u00e9e au capital de 214 410,50 Euros<br>SIREN : 433 115 904 RCS Paris<br>Si\u00e8ge social : 8 rue de la Ville l\u2019Ev\u00eaque, 75008 Paris<br>\n        <\/p>\n      <\/div>\n    <\/section>\n    <section class=\"u-clearfix u-section-7\" id=\"carousel_6f79\">\n      <div class=\"u-clearfix u-sheet u-valign-middle u-sheet-1\">\n        <h5 class=\"u-text u-text-1\">Conditions d\u2019utilisation<\/h5>\n        <p class=\"u-align-justify u-text u-text-2\">Le site accessible par l\u2019url suivante&nbsp;:&nbsp;<a href=\"https:\/\/tannact.com\/\" class=\"u-active-none u-border-none u-btn u-button-style u-hover-none u-none u-text-palette-1-base u-btn-1\">https:\/\/tannact.com\/<\/a>&nbsp;est exploit\u00e9 dans le respect de la l\u00e9gislation fran\u00e7aise. L\u2019utilisation de ce site est r\u00e9gie par les pr\u00e9sentes conditions g\u00e9n\u00e9rales. En utilisant le site, vous reconnaissez avoir pris connaissance de ces conditions et les avoir accept\u00e9es. Celles-ci pourront \u00eatres modifi\u00e9es \u00e0 tout moment et sans pr\u00e9avis par la soci\u00e9t\u00e9&nbsp;SOCIETE DE CUIRS ET PEAUX.<br>SOCIETE DE CUIRS ET PEAUX&nbsp;ne saurait \u00eatre tenu pour responsable en aucune mani\u00e8re d\u2019une mauvaise utilisation du service.<br>\n        <\/p>\n      <\/div>\n    <\/section>\n    <section class=\"u-clearfix u-section-8\" id=\"carousel_6154\">\n      <div class=\"u-clearfix u-sheet u-valign-middle u-sheet-1\">\n        <h5 class=\"u-text u-text-1\">Informations nominatives<\/h5>\n        <p class=\"u-align-justify u-text u-text-2\">Toute personne dispose d\u2019un droit d\u2019acc\u00e8s, de modification, de rectification et de suppression des donn\u00e9es qui la concerne (article 34 de la loi \u201cInformatique et Libert\u00e9s\u201d du 6 janvier 1978). Pour exercer ce droit d\u2019acc\u00e8s, vous pouvez vous adresser \u00e0 : IMEXCUIR ET ANDRE BENNE, 74 RUE DE STRASBOURG 81200 MAZAMET \u2014&nbsp;<a href=\"mailto:info@tannact.com\" class=\"u-active-none u-border-none u-btn u-button-style u-hover-none u-none u-text-palette-1-base u-btn-1\">info@tannact.com<\/a>\n          <br>Pour plus d\u2019informations sur la loi \u201cInformatique et Libert\u00e9s\u201d, vous pouvez consulter le site Internet de la CNIL.<br>\n        <\/p>\n      <\/div>\n    <\/section>\n    <section class=\"u-clearfix u-section-9\" id=\"carousel_9f67\">\n      <div class=\"u-clearfix u-sheet u-valign-middle u-sheet-1\">\n        <h5 class=\"u-text u-text-1\">Limitation de responsabilit\u00e9<\/h5>\n        <p class=\"u-align-justify u-text u-text-2\">Les informations contenues sur ce site sont aussi pr\u00e9cises que possibles et le site est p\u00e9riodiquement mis \u00e0 jour, mais peut toutefois contenir des inexactitudes, des omissions ou des lacunes. Si vous constatez une lacune, erreur ou ce qui parait \u00eatre un dysfonctionnement, merci de bien vouloir le signaler par&nbsp;email&nbsp;en d\u00e9crivant le probl\u00e8me de la mani\u00e8re la plus pr\u00e9cise possible (page posant probl\u00e8me, action d\u00e9clenchante, type d\u2019ordinateur et de navigateur utilis\u00e9, \u2026).<br>\n          <br>Tout contenu t\u00e9l\u00e9charg\u00e9 se fait aux risques et p\u00e9rils de l\u2019utilisateur et sous sa seule responsabilit\u00e9. En cons\u00e9quence,&nbsp;SOCIETE DE CUIRS ET PEAUX&nbsp;ne saurait \u00eatre tenu responsable d\u2019un quelconque dommage subi par l\u2019ordinateur de l\u2019utilisateur ou d\u2019une quelconque perte de donn\u00e9es cons\u00e9cutives au t\u00e9l\u00e9chargement. Les photos sont non contractuelles. L\u2019utilisateur s\u2019engage \u00e0 ne transmettre sur ce site aucune information pouvant entra\u00eener une responsabilit\u00e9 civile ou p\u00e9nale et s\u2019engage \u00e0 ce titre \u00e0 ne pas divulguer, via ce site, des informations ill\u00e9gales, contraires \u00e0 l\u2019ordre public ou diffamatoires.<br>\n        <\/p>\n      <\/div>\n    <\/section>\n    <section class=\"u-clearfix u-section-10\" id=\"carousel_880f\">\n      <div class=\"u-clearfix u-sheet u-valign-middle u-sheet-1\">\n        <h5 class=\"u-text u-text-1\">Liens hypertextes<\/h5>\n        <p class=\"u-align-justify u-text u-text-2\">Les sites ext\u00e9rieurs ayant un lien hypertexte avec le pr\u00e9sent site ne sont pas sous contr\u00f4le de&nbsp;SOCIETE DE CUIRS ET PEAUX, qui d\u00e9cline par cons\u00e9quent toute responsabilit\u00e9 quant \u00e0 leur contenu. L\u2019utilisateur est seul responsable de leur utilisation. La cr\u00e9ation de liens hypertextes vers le site de&nbsp;SOCIETE DE CUIRS ET PEAUX&nbsp;est soumise \u00e0 l\u2019accord pr\u00e9alable de&nbsp;SOCIETE DE CUIRS ET PEAUX.<br>Les liens entrants sur le site de&nbsp;SOCIETE DE CUIRS ET PEAUX&nbsp;ne devront pas s\u2019ouvrir pas au sein d\u2019un cadre (\u00ab framing \u00bb).<br>Les liens hypertextes mis en place dans le cadre du pr\u00e9sent site internet en direction d\u2019autres ressources pr\u00e9sentes sur le r\u00e9seau Internet ne sauraient engager la responsabilit\u00e9 de&nbsp;SOCIETE DE CUIRS ET PEAUX.<br>\n        <\/p>\n      <\/div>\n    <\/section>\n    <section class=\"u-clearfix u-section-11\" id=\"carousel_684b\">\n      <div class=\"u-clearfix u-sheet u-valign-middle u-sheet-1\">\n        <h5 class=\"u-text u-text-1\">Droits d\u2019auteur \/ Propri\u00e9t\u00e9 intellectuelle<\/h5>\n        <p class=\"u-align-justify u-text u-text-2\">Tout le contenu du pr\u00e9sent site, incluant, de fa\u00e7on non limitative, les graphismes, images, textes, vid\u00e9os, animations, sons, logos, gifs et ic\u00f4nes ainsi que leur mise en forme sont la propri\u00e9t\u00e9 exclusive de SOCIETE DE CUIRS ET PEAUX&nbsp;\u00e0 l\u2019exception des marques, logos ou contenus appartenant \u00e0 d\u2019autres soci\u00e9t\u00e9s partenaires ou auteurs.<br>\n          <br>Toute reproduction, distribution, modification, adaptation, retransmission ou publication, m\u00eame partielle, de ces diff\u00e9rents \u00e9l\u00e9ments est strictement interdite sans l\u2019accord expr\u00e8s par \u00e9crit de&nbsp;SOCIETE DE CUIRS ET PEAUX. Cette repr\u00e9sentation ou reproduction, par quelque proc\u00e9d\u00e9 que ce soit, constitue une contrefa\u00e7on sanctionn\u00e9e par les articles L.3335-2 et suivants du Code de la propri\u00e9t\u00e9 intellectuelle. Le non-respect de cette interdiction constitue une contrefa\u00e7on pouvant engager la responsabilit\u00e9 civile et p\u00e9nale du contrefacteur. En outre, les propri\u00e9taires des Contenus copi\u00e9s pourraient intenter une action en justice \u00e0 votre encontre.<br>\n          <br>SOCIETE DE CUIRS ET PEAUX&nbsp;est identiquement propri\u00e9taire des \u201cdroits des producteurs de bases de donn\u00e9es\u201d vis\u00e9s au Livre III, Titre IV, du Code de la Propri\u00e9t\u00e9 Intellectuelle (loi n\u00b0 98-536 du 1er juillet 1998) relative aux droits d\u2019auteur et aux bases de donn\u00e9es.Pour toute demande d\u2019autorisation ou d\u2019information, veuillez nous contacter par email&nbsp;:&nbsp;<a href=\"mailto:info@tannact.com\" class=\"u-active-none u-border-none u-btn u-button-style u-hover-none u-none u-text-palette-1-base u-btn-1\">info@tannact.com<\/a>. Des conditions sp\u00e9cifiques sont pr\u00e9vues pour la presse.<br>\n        <\/p>\n      <\/div>\n    <\/section>\n    <section class=\"u-clearfix u-section-12\" id=\"carousel_6b67\">\n      <div class=\"u-clearfix u-sheet u-valign-middle-lg u-valign-middle-xl u-sheet-1\">\n        <h5 class=\"u-text u-text-1\">Cookies<\/h5>\n        <p class=\"u-align-justify u-text u-text-2\">Un cookie est une suite d\u2019informations envoy\u00e9e par un site Internet \u00e0 un ordinateur sous la forme d\u2019un petit fichier de donn\u00e9es. Les cookies sont utiles pour faciliter la personnalisation de votre acc\u00e8s \u00e0 nos services en ligne. Ils peuvent \u00eatre utilis\u00e9s pour une authentification, une session, stocker une information sp\u00e9cifique comme les pr\u00e9f\u00e9rences sur un site ou le contenu d\u2019un panier d\u2019achat \u00e9lectronique.<br>\n          <br>Le stockage des cookies se fait par le biais du navigateur Web utilis\u00e9 par l\u2019internaute (par exemple Internet Explorer).<br>Il existe deux types de cookies&nbsp;:<br>\u2013 les cookies de session sont supprim\u00e9s de votre ordinateur lorsque vous fermez votre navigateur.<br>\u2013 les cookies permanents restent stock\u00e9s sur votre ordinateur apr\u00e8s la fermeture du navigateur.<br>\n          <br>Les cookies sont cependant anonymes et ne sont en aucun cas utilis\u00e9s pour collecter des informations personnelles. Le pr\u00e9sent site utilise les cookies dans le seul but d\u2019obtenir des statistiques de navigation \u00e0 l\u2019exclusion de tout tracking personnel.<br>\n        <\/p>\n      <\/div>\n    <\/section>\n    \n    \n  \n","protected":false},"excerpt":{"rendered":"<p>Mentions l\u00e9gales Pr\u00e9sentation de la soci\u00e9t\u00e9 SOCIETE DE CUIRS ET PEAUX (S.C.P.) SOCIETE DE CUIRS ET PEAUX, soci\u00e9t\u00e9 \u00e0 responsabilit\u00e9 limit\u00e9e est en activit\u00e9 depuis 36 ans.Situ\u00e9e \u00e0 MAZAMET (81200), elle est sp\u00e9cialis\u00e9e dans le secteur d&rsquo;activit\u00e9 de l&rsquo;appr\u00eat et tannage des cuirs, pr\u00e9paration et teinture des fourrures. Son effectif est compris entre 1 et &hellip; <a href=\"https:\/\/tannact.com\/fr\/mentions-legales\/\" class=\"more-link\">Continue reading<span class=\"screen-reader-text\"> \u00ab\u00a0Mentions l\u00e9gales\u00a0\u00bb<\/span><\/a><\/p>\n","protected":false},"author":2,"featured_media":0,"parent":0,"menu_order":0,"comment_status":"closed","ping_status":"closed","template":"","meta":{"footnotes":""},"class_list":["post-630","page","type-page","status-publish","hentry"],"yoast_head":"<!-- This site is optimized with the Yoast SEO plugin v27.5 - https:\/\/yoast.com\/product\/yoast-seo-wordpress\/ -->\n<title>Mentions l\u00e9gales - Tannact - Upcycling Leather<\/title>\n<meta name=\"robots\" content=\"index, follow, max-snippet:-1, max-image-preview:large, max-video-preview:-1\" \/>\n<link rel=\"canonical\" href=\"https:\/\/tannact.com\/fr\/mentions-legales\/\" \/>\n<meta property=\"og:locale\" content=\"fr_FR\" \/>\n<meta property=\"og:type\" content=\"article\" \/>\n<meta property=\"og:title\" content=\"Mentions l\u00e9gales - Tannact - Upcycling Leather\" \/>\n<meta property=\"og:description\" content=\"Mentions l\u00e9gales Pr\u00e9sentation de la soci\u00e9t\u00e9 SOCIETE DE CUIRS ET PEAUX (S.C.P.) SOCIETE DE CUIRS ET PEAUX, soci\u00e9t\u00e9 \u00e0 responsabilit\u00e9 limit\u00e9e est en activit\u00e9 depuis 36 ans.Situ\u00e9e \u00e0 MAZAMET (81200), elle est sp\u00e9cialis\u00e9e dans le secteur d&#039;activit\u00e9 de l&#039;appr\u00eat et tannage des cuirs, pr\u00e9paration et teinture des fourrures. Son effectif est compris entre 1 et &hellip; Continue reading &quot;Mentions l\u00e9gales&quot;\" \/>\n<meta property=\"og:url\" content=\"https:\/\/tannact.com\/fr\/mentions-legales\/\" \/>\n<meta property=\"og:site_name\" content=\"Tannact - Upcycling Leather\" \/>\n<meta property=\"article:modified_time\" content=\"2020-11-25T13:10:35+00:00\" \/>\n<meta name=\"twitter:card\" content=\"summary_large_image\" \/>\n<meta name=\"twitter:label1\" content=\"Dur\u00e9e de lecture estim\u00e9e\" \/>\n\t<meta name=\"twitter:data1\" content=\"6 minutes\" \/>\n<script type=\"application\/ld+json\" class=\"yoast-schema-graph\">{\"@context\":\"https:\\\/\\\/schema.org\",\"@graph\":[{\"@type\":\"WebPage\",\"@id\":\"https:\\\/\\\/tannact.com\\\/fr\\\/mentions-legales\\\/\",\"url\":\"https:\\\/\\\/tannact.com\\\/fr\\\/mentions-legales\\\/\",\"name\":\"Mentions l\u00e9gales - Tannact - Upcycling Leather\",\"isPartOf\":{\"@id\":\"https:\\\/\\\/tannact.com\\\/fr\\\/#website\"},\"datePublished\":\"2020-10-20T12:41:50+00:00\",\"dateModified\":\"2020-11-25T13:10:35+00:00\",\"breadcrumb\":{\"@id\":\"https:\\\/\\\/tannact.com\\\/fr\\\/mentions-legales\\\/#breadcrumb\"},\"inLanguage\":\"fr-FR\",\"potentialAction\":[{\"@type\":\"ReadAction\",\"target\":[\"https:\\\/\\\/tannact.com\\\/fr\\\/mentions-legales\\\/\"]}]},{\"@type\":\"BreadcrumbList\",\"@id\":\"https:\\\/\\\/tannact.com\\\/fr\\\/mentions-legales\\\/#breadcrumb\",\"itemListElement\":[{\"@type\":\"ListItem\",\"position\":1,\"name\":\"Accueil\",\"item\":\"https:\\\/\\\/tannact.com\\\/fr\\\/\"},{\"@type\":\"ListItem\",\"position\":2,\"name\":\"Mentions l\u00e9gales\"}]},{\"@type\":\"WebSite\",\"@id\":\"https:\\\/\\\/tannact.com\\\/fr\\\/#website\",\"url\":\"https:\\\/\\\/tannact.com\\\/fr\\\/\",\"name\":\"Tannact - Upcycling Leather\",\"description\":\"Un site utilisant WordPress\",\"potentialAction\":[{\"@type\":\"SearchAction\",\"target\":{\"@type\":\"EntryPoint\",\"urlTemplate\":\"https:\\\/\\\/tannact.com\\\/fr\\\/?s={search_term_string}\"},\"query-input\":{\"@type\":\"PropertyValueSpecification\",\"valueRequired\":true,\"valueName\":\"search_term_string\"}}],\"inLanguage\":\"fr-FR\"}]}<\/script>\n<!-- \/ Yoast SEO plugin. -->","yoast_head_json":{"title":"Mentions l\u00e9gales - Tannact - Upcycling Leather","robots":{"index":"index","follow":"follow","max-snippet":"max-snippet:-1","max-image-preview":"max-image-preview:large","max-video-preview":"max-video-preview:-1"},"canonical":"https:\/\/tannact.com\/fr\/mentions-legales\/","og_locale":"fr_FR","og_type":"article","og_title":"Mentions l\u00e9gales - Tannact - Upcycling Leather","og_description":"Mentions l\u00e9gales Pr\u00e9sentation de la soci\u00e9t\u00e9 SOCIETE DE CUIRS ET PEAUX (S.C.P.) SOCIETE DE CUIRS ET PEAUX, soci\u00e9t\u00e9 \u00e0 responsabilit\u00e9 limit\u00e9e est en activit\u00e9 depuis 36 ans.Situ\u00e9e \u00e0 MAZAMET (81200), elle est sp\u00e9cialis\u00e9e dans le secteur d'activit\u00e9 de l'appr\u00eat et tannage des cuirs, pr\u00e9paration et teinture des fourrures. Son effectif est compris entre 1 et &hellip; Continue reading \"Mentions l\u00e9gales\"","og_url":"https:\/\/tannact.com\/fr\/mentions-legales\/","og_site_name":"Tannact - Upcycling Leather","article_modified_time":"2020-11-25T13:10:35+00:00","twitter_card":"summary_large_image","twitter_misc":{"Dur\u00e9e de lecture estim\u00e9e":"6 minutes"},"schema":{"@context":"https:\/\/schema.org","@graph":[{"@type":"WebPage","@id":"https:\/\/tannact.com\/fr\/mentions-legales\/","url":"https:\/\/tannact.com\/fr\/mentions-legales\/","name":"Mentions l\u00e9gales - Tannact - Upcycling Leather","isPartOf":{"@id":"https:\/\/tannact.com\/fr\/#website"},"datePublished":"2020-10-20T12:41:50+00:00","dateModified":"2020-11-25T13:10:35+00:00","breadcrumb":{"@id":"https:\/\/tannact.com\/fr\/mentions-legales\/#breadcrumb"},"inLanguage":"fr-FR","potentialAction":[{"@type":"ReadAction","target":["https:\/\/tannact.com\/fr\/mentions-legales\/"]}]},{"@type":"BreadcrumbList","@id":"https:\/\/tannact.com\/fr\/mentions-legales\/#breadcrumb","itemListElement":[{"@type":"ListItem","position":1,"name":"Accueil","item":"https:\/\/tannact.com\/fr\/"},{"@type":"ListItem","position":2,"name":"Mentions l\u00e9gales"}]},{"@type":"WebSite","@id":"https:\/\/tannact.com\/fr\/#website","url":"https:\/\/tannact.com\/fr\/","name":"Tannact - Upcycling Leather","description":"Un site utilisant WordPress","potentialAction":[{"@type":"SearchAction","target":{"@type":"EntryPoint","urlTemplate":"https:\/\/tannact.com\/fr\/?s={search_term_string}"},"query-input":{"@type":"PropertyValueSpecification","valueRequired":true,"valueName":"search_term_string"}}],"inLanguage":"fr-FR"}]}},"_links":{"self":[{"href":"https:\/\/tannact.com\/fr\/wp-json\/wp\/v2\/pages\/630","targetHints":{"allow":["GET"]}}],"collection":[{"href":"https:\/\/tannact.com\/fr\/wp-json\/wp\/v2\/pages"}],"about":[{"href":"https:\/\/tannact.com\/fr\/wp-json\/wp\/v2\/types\/page"}],"author":[{"embeddable":true,"href":"https:\/\/tannact.com\/fr\/wp-json\/wp\/v2\/users\/2"}],"replies":[{"embeddable":true,"href":"https:\/\/tannact.com\/fr\/wp-json\/wp\/v2\/comments?post=630"}],"version-history":[{"count":13,"href":"https:\/\/tannact.com\/fr\/wp-json\/wp\/v2\/pages\/630\/revisions"}],"predecessor-version":[{"id":874,"href":"https:\/\/tannact.com\/fr\/wp-json\/wp\/v2\/pages\/630\/revisions\/874"}],"wp:attachment":[{"href":"https:\/\/tannact.com\/fr\/wp-json\/wp\/v2\/media?parent=630"}],"curies":[{"name":"wp","href":"https:\/\/api.w.org\/{rel}","templated":true}]}}