{"id":576,"date":"2020-10-08T22:06:21","date_gmt":"2020-10-08T20:06:21","guid":{"rendered":"https:\/\/tannact.com\/?page_id=576"},"modified":"2020-11-22T22:05:29","modified_gmt":"2020-11-22T21:05:29","slug":"contact","status":"publish","type":"page","link":"https:\/\/tannact.com\/fr\/contact\/","title":{"rendered":"Contact"},"content":{"rendered":"\n    \n    <section class=\"skrollable u-align-center-lg u-align-center-md u-align-center-sm u-align-center-xs u-clearfix u-image u-parallax u-shading u-section-2\" id=\"sec-eca5\" data-image-width=\"2560\" data-image-height=\"530\">\n      <div class=\"u-clearfix u-sheet u-valign-middle u-sheet-1\">\n        <h1 class=\"u-align-center u-text u-title u-text-1\" data-animation-name=\"pulse\" data-animation-duration=\"2250\" data-animation-delay=\"0\" data-animation-direction=\"\">Contact<\/h1>\n      <\/div>\n    <\/section>\n    <section class=\"u-align-center u-clearfix u-section-3\" id=\"sec-871d\">\n      <div class=\"u-clearfix u-sheet u-sheet-1\">\n        <div class=\"u-clearfix u-expanded-width u-gutter-10 u-layout-wrap u-layout-wrap-1\">\n          <div class=\"u-gutter-0 u-layout\">\n            <div class=\"u-layout-row\">\n              <div class=\"u-size-30\">\n                <div class=\"u-layout-col\">\n                  <div class=\"u-align-left u-container-style u-layout-cell u-left-cell u-size-30 u-layout-cell-1\">\n                    <div class=\"u-container-layout u-container-layout-1\">\n                      <h2 class=\"u-text u-text-1\">Laissez-nous un message<\/h2>\n                      <p class=\"u-text u-text-2\"><b>TANNACT<br><\/b>74 RUE DE STRASBOURG&nbsp;<br>81200 MAZAMET\n                      <\/p>\n                      <p class=\"u-text u-text-3\">\n                        <a target=\"_blank\" class=\"c-link u-active-none u-border-none u-btn u-button-style u-hover-none u-none u-text-palette-1-base u-btn-1\" href=\"mailto:info@tannact.com\" rel=\"noopener noreferrer\">info@tannact.com<\/a>&nbsp;\n                      <\/p>\n                    <\/div>\n                  <\/div>\n                  <div class=\"u-align-left u-container-style u-layout-cell u-left-cell u-size-30 u-layout-cell-2\">\n                    <div class=\"u-container-layout u-valign-top u-container-layout-2\">\n                      <div class=\"u-form u-form-1\">\n                                <script>\n            function onSuccess(event) {\n                if (typeof window.serviceRequest !== 'undefined') {\n                    window.serviceRequest(jQuery(this).find('form'));\n                }\n                var msgContainer = jQuery(event.currentTarget).find('.wpcf7-response-output');\n                msgContainer.removeClass('u-form-send-error').addClass('u-form-send-message u-form-send-success');\n                msgContainer.show();\n                var redirectAddress = jQuery(event.currentTarget).find('[redirect-address]').attr('redirect-address');\n                if (redirectAddress) {\n                    setTimeout(function () {\n                        location.replace(redirectAddress);\n                    }, 2000);\n                }\n            }\n            function onError(event) {\n                var msgContainer = jQuery(event.currentTarget).find('.wpcf7-response-output');\n                msgContainer.removeClass('u-form-send-success').addClass('u-form-send-message u-form-send-error');\n                msgContainer.show();\n            }\n\n            jQuery('body')\n                .on('wpcf7mailsent',   '.u-form .wpcf7', onSuccess)\n                .on('wpcf7invalid',    '.u-form .wpcf7', onError)\n                .on('wpcf7:unaccepted', '.u-form .wpcf7', onError)\n                .on('wpcf7spam',       '.u-form .wpcf7', onError)\n                .on('wpcf7:aborted',    '.u-form .wpcf7', onError)\n                .on('wpcf7mailfailed', '.u-form .wpcf7', onError);\n        <\/script>\n        <style>\n            .u-form .wpcf7-response-output {\n                \/*position: relative !important;*\/\n                margin: 0 !important;\n                bottom: -70px!important;\n            }\n            .u-form .wpcf7 .ajax-loader {\n                margin-left: -24px;\n                margin-right: 0;\n            }\n        <\/style>\n\n<div class=\"wpcf7 no-js\" id=\"wpcf7-f739-o1\" lang=\"fr-FR\" dir=\"ltr\" data-wpcf7-id=\"739\">\n<div class=\"screen-reader-response\"><p role=\"status\" aria-live=\"polite\" aria-atomic=\"true\"><\/p> <ul><\/ul><\/div>\n<form style=\"padding: 10px\" action=\"\/fr\/wp-json\/wp\/v2\/pages\/576#wpcf7-f739-o1\" method=\"post\" class=\"wpcf7-form init u-clearfix u-form-spacing-10 u-form-vertical u-inner-form u-form-custom-backend\" aria-label=\"Formulaire de contact\" novalidate=\"novalidate\" data-status=\"init\">\n<fieldset class=\"hidden-fields-container\"><input type=\"hidden\" name=\"_wpcf7\" value=\"739\" \/><input type=\"hidden\" name=\"_wpcf7_version\" value=\"6.1.5\" \/><input type=\"hidden\" name=\"_wpcf7_locale\" value=\"fr_FR\" \/><input type=\"hidden\" name=\"_wpcf7_unit_tag\" value=\"wpcf7-f739-o1\" \/><input type=\"hidden\" name=\"_wpcf7_container_post\" value=\"0\" \/><input type=\"hidden\" name=\"_wpcf7_posted_data_hash\" value=\"\" \/><input type=\"hidden\" name=\"_wpcf7_recaptcha_response\" value=\"\" \/>\n<\/fieldset>\n\n                          <div class=\"u-form-group wpcf7-form-control-wrap u-form-name u-form-group wpcf7-form-control-wrap-1\">\n                            <label for=\"name-7097\" class=\"u-form-control-hidden u-label\">Nom<\/label>\n                            <input type=\"text\" placeholder=\"Nom\" id=\"name-7097\" name=\"name1\" class=\"u-border-1 u-border-black u-input wpcf7-form-control u-input-rectangle\" required=\"\">\n                          <\/div>\n                          <div class=\"u-form-email u-form-group wpcf7-form-control-wrap u-form-group wpcf7-form-control-wrap-2\">\n                            <label for=\"email-7097\" class=\"u-form-control-hidden u-label\">Email<\/label>\n                            <input type=\"email\" placeholder=\"E-mail\" id=\"email-7097\" name=\"email\" class=\"u-border-1 u-border-black u-input wpcf7-form-control u-input-rectangle\" required=\"\">\n                          <\/div>\n                          <div class=\"u-form-group wpcf7-form-control-wrap u-form-message u-form-group wpcf7-form-control-wrap-3\">\n                            <label for=\"message-7097\" class=\"u-form-control-hidden u-label\">Adresse<\/label>\n                            <textarea placeholder=\"Message\" rows=\"4\" cols=\"50\" id=\"message-7097\" name=\"message\" class=\"u-border-1 u-border-black u-input wpcf7-form-control u-input-rectangle\" required=\"\"><\/textarea>\n                          <\/div>\n                          <div class=\"u-form-group wpcf7-form-control-wrap u-form-submit wpcf7-form-control u-form-group wpcf7-form-control-wrap-4\">\n                            <a href=\"https:\/\/nicepage.com\/\" class=\"u-border-2 u-border-black u-border-hover-palette-1-base u-btn u-btn-submit wpcf7-submit u-button-style\">envoyer<\/a>\n                            <input type=\"submit\" value=\"submit\" class=\"u-form-control-hidden\">\n                          <\/div>\n                          <div class=\"u-form-send-message u-form-send-success\">Je vous remercie! Votre message a \u00e9t\u00e9 envoy\u00e9.<\/div>\n                          <div class=\"u-form-send-error u-form-send-message\">Impossible d'envoyer votre message. Veuillez corriger les erreurs puis r\u00e9essayer.<\/div>\n                          <input type=\"hidden\" value=\"\" name=\"recaptchaResponse\">\n                        <input type=\"hidden\" name=\"_contact7_backend\" value=\"1\"><div class=\"wpcf7-response-output\" aria-hidden=\"true\"><\/div>\n<\/form>\n<\/div>\n\n                      <\/div>\n                    <\/div>\n                  <\/div>\n                <\/div>\n              <\/div>\n              <div class=\"u-size-30\">\n                <div class=\"u-layout-col\">\n                  <div class=\"u-align-left u-container-style u-image u-layout-cell u-right-cell u-shading u-size-60 u-image-1\" data-image-width=\"1286\" data-image-height=\"1080\">\n                    <div class=\"u-container-layout u-container-layout-3\"><\/div>\n                  <\/div>\n                <\/div>\n              <\/div>\n            <\/div>\n          <\/div>\n        <\/div>\n      <\/div>\n    <\/section>\n    \n    \n  \n","protected":false},"excerpt":{"rendered":"<p>Contact Laissez-nous un message TANNACT74 RUE DE STRASBOURG&nbsp;81200 MAZAMET info@tannact.com&nbsp; Nom Email Adresse envoyer Je vous remercie! Votre message a \u00e9t\u00e9 envoy\u00e9. Impossible d&rsquo;envoyer votre message. Veuillez corriger les erreurs puis r\u00e9essayer.<\/p>\n","protected":false},"author":2,"featured_media":0,"parent":0,"menu_order":0,"comment_status":"closed","ping_status":"closed","template":"","meta":{"footnotes":""},"class_list":["post-576","page","type-page","status-publish","hentry"],"yoast_head":"<!-- This site is optimized with the Yoast SEO plugin v27.4 - https:\/\/yoast.com\/product\/yoast-seo-wordpress\/ -->\n<title>Contact - Tannact - Upcycling Leather<\/title>\n<meta name=\"robots\" content=\"index, follow, max-snippet:-1, max-image-preview:large, max-video-preview:-1\" \/>\n<link rel=\"canonical\" href=\"https:\/\/tannact.com\/fr\/contact\/\" \/>\n<meta property=\"og:locale\" content=\"fr_FR\" \/>\n<meta property=\"og:type\" content=\"article\" \/>\n<meta property=\"og:title\" content=\"Contact - Tannact - Upcycling Leather\" \/>\n<meta property=\"og:description\" content=\"Contact Laissez-nous un message TANNACT74 RUE DE STRASBOURG&nbsp;81200 MAZAMET info@tannact.com&nbsp; Nom Email Adresse envoyer Je vous remercie! Votre message a \u00e9t\u00e9 envoy\u00e9. Impossible d&#039;envoyer votre message. Veuillez corriger les erreurs puis r\u00e9essayer.\" \/>\n<meta property=\"og:url\" content=\"https:\/\/tannact.com\/fr\/contact\/\" \/>\n<meta property=\"og:site_name\" content=\"Tannact - Upcycling Leather\" \/>\n<meta property=\"article:modified_time\" content=\"2020-11-22T21:05:29+00:00\" \/>\n<meta name=\"twitter:card\" content=\"summary_large_image\" \/>\n<script type=\"application\/ld+json\" class=\"yoast-schema-graph\">{\"@context\":\"https:\\\/\\\/schema.org\",\"@graph\":[{\"@type\":\"WebPage\",\"@id\":\"https:\\\/\\\/tannact.com\\\/fr\\\/contact\\\/\",\"url\":\"https:\\\/\\\/tannact.com\\\/fr\\\/contact\\\/\",\"name\":\"Contact - Tannact - Upcycling Leather\",\"isPartOf\":{\"@id\":\"https:\\\/\\\/tannact.com\\\/fr\\\/#website\"},\"datePublished\":\"2020-10-08T20:06:21+00:00\",\"dateModified\":\"2020-11-22T21:05:29+00:00\",\"breadcrumb\":{\"@id\":\"https:\\\/\\\/tannact.com\\\/fr\\\/contact\\\/#breadcrumb\"},\"inLanguage\":\"fr-FR\",\"potentialAction\":[{\"@type\":\"ReadAction\",\"target\":[\"https:\\\/\\\/tannact.com\\\/fr\\\/contact\\\/\"]}]},{\"@type\":\"BreadcrumbList\",\"@id\":\"https:\\\/\\\/tannact.com\\\/fr\\\/contact\\\/#breadcrumb\",\"itemListElement\":[{\"@type\":\"ListItem\",\"position\":1,\"name\":\"Accueil\",\"item\":\"https:\\\/\\\/tannact.com\\\/fr\\\/\"},{\"@type\":\"ListItem\",\"position\":2,\"name\":\"Contact\"}]},{\"@type\":\"WebSite\",\"@id\":\"https:\\\/\\\/tannact.com\\\/fr\\\/#website\",\"url\":\"https:\\\/\\\/tannact.com\\\/fr\\\/\",\"name\":\"Tannact - Upcycling Leather\",\"description\":\"Un site utilisant WordPress\",\"potentialAction\":[{\"@type\":\"SearchAction\",\"target\":{\"@type\":\"EntryPoint\",\"urlTemplate\":\"https:\\\/\\\/tannact.com\\\/fr\\\/?s={search_term_string}\"},\"query-input\":{\"@type\":\"PropertyValueSpecification\",\"valueRequired\":true,\"valueName\":\"search_term_string\"}}],\"inLanguage\":\"fr-FR\"}]}<\/script>\n<!-- \/ Yoast SEO plugin. -->","yoast_head_json":{"title":"Contact - Tannact - Upcycling Leather","robots":{"index":"index","follow":"follow","max-snippet":"max-snippet:-1","max-image-preview":"max-image-preview:large","max-video-preview":"max-video-preview:-1"},"canonical":"https:\/\/tannact.com\/fr\/contact\/","og_locale":"fr_FR","og_type":"article","og_title":"Contact - Tannact - Upcycling Leather","og_description":"Contact Laissez-nous un message TANNACT74 RUE DE STRASBOURG&nbsp;81200 MAZAMET info@tannact.com&nbsp; Nom Email Adresse envoyer Je vous remercie! Votre message a \u00e9t\u00e9 envoy\u00e9. Impossible d'envoyer votre message. Veuillez corriger les erreurs puis r\u00e9essayer.","og_url":"https:\/\/tannact.com\/fr\/contact\/","og_site_name":"Tannact - Upcycling Leather","article_modified_time":"2020-11-22T21:05:29+00:00","twitter_card":"summary_large_image","schema":{"@context":"https:\/\/schema.org","@graph":[{"@type":"WebPage","@id":"https:\/\/tannact.com\/fr\/contact\/","url":"https:\/\/tannact.com\/fr\/contact\/","name":"Contact - Tannact - Upcycling Leather","isPartOf":{"@id":"https:\/\/tannact.com\/fr\/#website"},"datePublished":"2020-10-08T20:06:21+00:00","dateModified":"2020-11-22T21:05:29+00:00","breadcrumb":{"@id":"https:\/\/tannact.com\/fr\/contact\/#breadcrumb"},"inLanguage":"fr-FR","potentialAction":[{"@type":"ReadAction","target":["https:\/\/tannact.com\/fr\/contact\/"]}]},{"@type":"BreadcrumbList","@id":"https:\/\/tannact.com\/fr\/contact\/#breadcrumb","itemListElement":[{"@type":"ListItem","position":1,"name":"Accueil","item":"https:\/\/tannact.com\/fr\/"},{"@type":"ListItem","position":2,"name":"Contact"}]},{"@type":"WebSite","@id":"https:\/\/tannact.com\/fr\/#website","url":"https:\/\/tannact.com\/fr\/","name":"Tannact - Upcycling Leather","description":"Un site utilisant WordPress","potentialAction":[{"@type":"SearchAction","target":{"@type":"EntryPoint","urlTemplate":"https:\/\/tannact.com\/fr\/?s={search_term_string}"},"query-input":{"@type":"PropertyValueSpecification","valueRequired":true,"valueName":"search_term_string"}}],"inLanguage":"fr-FR"}]}},"_links":{"self":[{"href":"https:\/\/tannact.com\/fr\/wp-json\/wp\/v2\/pages\/576","targetHints":{"allow":["GET"]}}],"collection":[{"href":"https:\/\/tannact.com\/fr\/wp-json\/wp\/v2\/pages"}],"about":[{"href":"https:\/\/tannact.com\/fr\/wp-json\/wp\/v2\/types\/page"}],"author":[{"embeddable":true,"href":"https:\/\/tannact.com\/fr\/wp-json\/wp\/v2\/users\/2"}],"replies":[{"embeddable":true,"href":"https:\/\/tannact.com\/fr\/wp-json\/wp\/v2\/comments?post=576"}],"version-history":[{"count":10,"href":"https:\/\/tannact.com\/fr\/wp-json\/wp\/v2\/pages\/576\/revisions"}],"predecessor-version":[{"id":751,"href":"https:\/\/tannact.com\/fr\/wp-json\/wp\/v2\/pages\/576\/revisions\/751"}],"wp:attachment":[{"href":"https:\/\/tannact.com\/fr\/wp-json\/wp\/v2\/media?parent=576"}],"curies":[{"name":"wp","href":"https:\/\/api.w.org\/{rel}","templated":true}]}}