{"id":521,"date":"2020-10-08T21:27:17","date_gmt":"2020-10-08T19:27:17","guid":{"rendered":"https:\/\/tannact.com\/?page_id=521"},"modified":"2021-01-04T23:53:00","modified_gmt":"2021-01-04T22:53:00","slug":"concept","status":"publish","type":"page","link":"https:\/\/tannact.com\/fr\/concept\/","title":{"rendered":"Concept"},"content":{"rendered":"\n    \n    <section class=\"skrollable u-align-center-lg u-align-center-md u-align-center-sm u-align-center-xs u-clearfix u-image u-parallax u-shading u-section-2\" id=\"sec-eca5\" data-image-width=\"2560\" data-image-height=\"530\">\n      <div class=\"u-clearfix u-sheet u-valign-middle u-sheet-1\">\n        <h1 class=\"u-align-center u-text u-title u-text-1\" data-animation-name=\"pulse\" data-animation-duration=\"2250\" data-animation-delay=\"0\" data-animation-direction=\"\">Concept<\/h1>\n      <\/div>\n    <\/section>\n    <section class=\"u-clearfix u-section-3\" id=\"carousel_82e4\">\n      <div class=\"u-clearfix u-sheet u-sheet-1\">\n        <img decoding=\"async\" src=\"https:\/\/tannact.com\/wp-content\/uploads\/2020\/10\/upcycling-leather-papier.png\" alt=\"\" class=\"u-align-left u-expanded-width-xs u-image u-left-0 u-image-1\" data-image-width=\"500\" data-image-height=\"320\" data-animation-name=\"fadeIn\" data-animation-duration=\"1750\" data-animation-delay=\"0\">\n        <img decoding=\"async\" src=\"https:\/\/tannact.com\/wp-content\/uploads\/2020\/11\/IMG_20201112_182911.jpg\" alt=\"\" class=\"u-align-left u-image u-right-0 u-image-2\" data-image-width=\"731\" data-image-height=\"756\" data-animation-name=\"fadeIn\" data-animation-duration=\"1750\" data-animation-delay=\"250\">\n        <div class=\"u-container-style u-expanded-width-sm u-expanded-width-xs u-group u-right-0 u-group-1\">\n          <div class=\"u-container-layout u-valign-middle u-container-layout-1\">\n            <h2 class=\"u-align-left u-text u-text-1\">Du recycling \u00e0 l\u2019upcycling<\/h2>\n            <p class=\"u-align-justify u-text u-text-2\">L\u2019industrie traditionnelle du cuir est polluante et tr\u00e8s \u00e9nergivore. Les peaux brutes, souvent import\u00e9es de pays lointains, doivent subir de longues et nombreuses transformations avant d\u2019atteindre le stade de peaux tann\u00e9es, destin\u00e9es \u00e0 \u00eatre utilis\u00e9es.&nbsp;<br>\n              <br>Le surplus de peaux d\u00e9class\u00e9es est broy\u00e9 puis agglom\u00e9r\u00e9 pour devenir du cuir reconstitu\u00e9 ou de synth\u00e8se bas de gamme.(appel\u00e9 \u00ab&nbsp;cuir recycling&nbsp;\u00bb)&nbsp;Un process qui gaspille autant de mati\u00e8re que d\u2019\u00e9nergie pour un r\u00e9sultat peu qualitatif.<br>\n            <\/p>\n          <\/div>\n        <\/div>\n        <div class=\"u-align-justify u-container-style u-expanded-width-xs u-group u-group-2\">\n          <div class=\"u-container-layout u-valign-top-xs u-container-layout-2\">\n            <h4 class=\"u-text u-text-3\">Dans le monde, pas moins de 800 000 tonnes de d\u00e9chets de cuir sont produites chaque ann\u00e9e.<\/h4>\n          <\/div>\n        <\/div>\n      <\/div>\n    <\/section>\n    <section class=\"u-clearfix u-image u-section-4\" id=\"sec-2668\">\n      <div class=\"u-clearfix u-sheet u-valign-middle u-sheet-1\">\n        <div class=\"u-align-center-lg u-align-center-md u-align-center-sm u-align-center-xl u-container-style u-expanded-width u-group u-group-1\">\n          <div class=\"u-container-layout u-valign-middle u-container-layout-1\">\n            <h2 class=\"u-align-center-xs u-text u-text-1\">Upcycling : un cuir \u00e9co-friendly&nbsp;<\/h2>\n            <h4 class=\"u-align-center-xs u-text u-text-2\">Face \u00e0 ce constat alarmant et convaincus qu\u2019un autre monde \u00e9tait possible, nous avons cherch\u00e9 \u00e0 nous am\u00e9liorer et \u00e0 trouver des solutions pour r\u00e9inventer notre passion.&nbsp;<\/h4>\n            <p class=\"u-align-center-xs u-text u-text-3\">L\u2019id\u00e9e \u00ab&nbsp;upcycling&nbsp;\u00bb est apparue comme la r\u00e9ponse ! Le principe est simple&nbsp;: offrir une deuxi\u00e8me vie au stock de cuir existant, en minimisant les transformations, limitant au maximum la consommation de ressources (mati\u00e8re premi\u00e8re, eau, \u00e9nergie\u2026) et la production de d\u00e9chets.&nbsp;<br>L\u2019objectif est la cr\u00e9ation de produits de qualit\u00e9 par la revalorisation des peaux d\u00e9class\u00e9es. Nous en am\u00e9liorons l\u2019aspect et la texture gr\u00e2ce \u00e0 des techniques innovantes et peu \u00e9nergivores.\n            <\/p>\n          <\/div>\n        <\/div>\n      <\/div>\n    <\/section>\n    <section class=\"u-clearfix u-grey-10 u-section-5\" id=\"carousel_f5c1\">\n      <div class=\"u-clearfix u-sheet u-valign-middle-lg u-valign-middle-xl u-sheet-1\">\n        <div class=\"u-clearfix u-expanded-width u-gutter-20 u-layout-wrap u-layout-wrap-1\">\n          <div class=\"u-layout\">\n            <div class=\"u-layout-row\">\n              <div class=\"u-size-30\">\n                <div class=\"u-layout-col\">\n                  <div class=\"u-container-style u-image u-layout-cell u-left-cell u-shading u-size-60 u-image-1\" data-image-width=\"1024\" data-image-height=\"522\" data-animation-name=\"fadeIn\" data-animation-duration=\"1750\" data-animation-delay=\"0\">\n                    <div class=\"u-border-10 u-border-white u-container-layout u-container-layout-1\"><\/div>\n                  <\/div>\n                <\/div>\n              <\/div>\n              <div class=\"u-size-30\">\n                <div class=\"u-layout-col\">\n                  <div class=\"u-align-justify u-container-style u-layout-cell u-right-cell u-size-30 u-layout-cell-2\">\n                    <div class=\"u-border-10 u-border-white u-container-layout u-valign-middle u-container-layout-2\">\n                      <h3 class=\"u-text u-text-1\">L\u2019upcycling&nbsp; (\u00ab&nbsp;surcyclage&nbsp;\u00bb en fran\u00e7ais) est un recyclage \u00ab&nbsp;par le haut&nbsp;\u00bb, la valorisation de mati\u00e8res d\u00e9laiss\u00e9es pour en faire un produit de qualit\u00e9, au plus pr\u00e8s d\u2019une \u00e9conomie circulaire.<\/h3>\n                    <\/div>\n                  <\/div>\n                  <div class=\"u-container-style u-image u-layout-cell u-right-cell u-size-30 u-image-2\" data-image-width=\"626\" data-image-height=\"300\" data-animation-name=\"fadeIn\" data-animation-duration=\"1750\" data-animation-delay=\"0\">\n                    <div class=\"u-border-10 u-border-white u-container-layout u-container-layout-3\"><\/div>\n                  <\/div>\n                <\/div>\n              <\/div>\n            <\/div>\n          <\/div>\n        <\/div>\n      <\/div>\n    <\/section>\n    <section class=\"u-clearfix u-section-6\" id=\"sec-bf30\">\n      <div class=\"u-clearfix u-sheet u-sheet-1\">\n        <div class=\"u-align-center u-container-style u-expanded-width u-group u-group-1\">\n          <div class=\"u-container-layout u-valign-top-lg u-valign-top-md u-valign-top-sm u-valign-top-xs u-container-layout-1\">\n            <h2 class=\"u-align-center u-text u-text-1\">Un savoir-faire engag\u00e9<\/h2>\n            <h4 class=\"u-align-center u-text u-text-default u-text-2\">Nous vous proposons une s\u00e9lection de cuirs haut de gamme \u00e9cologiquement responsables.&nbsp;<\/h4>\n            <p class=\"u-align-center u-text u-text-3\">Pour cela nous proc\u00e9dons \u00e0 une s\u00e9lection aff\u00fbt\u00e9e des peaux de mani\u00e8re \u00e0 en \u00e9tudier les possibilit\u00e9s et \u00e0 identifier les am\u00e9liorations \u00e0 apporter. Viennent ensuite les process de retannage, teintures et finitions afin de vous garantir un produit totalement upcycl\u00e9, durable, solide et esth\u00e9tique.&nbsp;<br><b>\n                <br>Nous mobilisons toute notre expertise pour donner \u00e0 ces peaux d\u00e9laiss\u00e9es une destin\u00e9e plus noble.<\/b>\n            <\/p>\n            <a href=\"https:\/\/tannact.com\/produits\/\" class=\"u-border-2 u-border-black u-btn u-button-style u-hover-black u-none u-text-hover-white u-btn-1\">Nos produits<\/a>\n          <\/div>\n        <\/div>\n      <\/div>\n    <\/section>\n    \n    \n  \n","protected":false},"excerpt":{"rendered":"<p>Concept Du recycling \u00e0 l\u2019upcycling L\u2019industrie traditionnelle du cuir est polluante et tr\u00e8s \u00e9nergivore. Les peaux brutes, souvent import\u00e9es de pays lointains, doivent subir de longues et nombreuses transformations avant d\u2019atteindre le stade de peaux tann\u00e9es, destin\u00e9es \u00e0 \u00eatre utilis\u00e9es.&nbsp; Le surplus de peaux d\u00e9class\u00e9es est broy\u00e9 puis agglom\u00e9r\u00e9 pour devenir du cuir reconstitu\u00e9 ou &hellip; <a href=\"https:\/\/tannact.com\/fr\/concept\/\" class=\"more-link\">Continue reading<span class=\"screen-reader-text\"> \u00ab\u00a0Concept\u00a0\u00bb<\/span><\/a><\/p>\n","protected":false},"author":2,"featured_media":0,"parent":0,"menu_order":0,"comment_status":"closed","ping_status":"closed","template":"","meta":{"footnotes":""},"class_list":["post-521","page","type-page","status-publish","hentry"],"yoast_head":"<!-- This site is optimized with the Yoast SEO plugin v27.4 - https:\/\/yoast.com\/product\/yoast-seo-wordpress\/ -->\n<title>Concept - Tannact - Upcycling Leather<\/title>\n<meta name=\"robots\" content=\"index, follow, max-snippet:-1, max-image-preview:large, max-video-preview:-1\" \/>\n<link rel=\"canonical\" href=\"https:\/\/tannact.com\/fr\/concept\/\" \/>\n<meta property=\"og:locale\" content=\"fr_FR\" \/>\n<meta property=\"og:type\" content=\"article\" \/>\n<meta property=\"og:title\" content=\"Concept - Tannact - Upcycling Leather\" \/>\n<meta property=\"og:description\" content=\"Concept Du recycling \u00e0 l\u2019upcycling L\u2019industrie traditionnelle du cuir est polluante et tr\u00e8s \u00e9nergivore. Les peaux brutes, souvent import\u00e9es de pays lointains, doivent subir de longues et nombreuses transformations avant d\u2019atteindre le stade de peaux tann\u00e9es, destin\u00e9es \u00e0 \u00eatre utilis\u00e9es.&nbsp; Le surplus de peaux d\u00e9class\u00e9es est broy\u00e9 puis agglom\u00e9r\u00e9 pour devenir du cuir reconstitu\u00e9 ou &hellip; Continue reading &quot;Concept&quot;\" \/>\n<meta property=\"og:url\" content=\"https:\/\/tannact.com\/fr\/concept\/\" \/>\n<meta property=\"og:site_name\" content=\"Tannact - Upcycling Leather\" \/>\n<meta property=\"article:modified_time\" content=\"2021-01-04T22:53:00+00:00\" \/>\n<meta name=\"twitter:card\" content=\"summary_large_image\" \/>\n<meta name=\"twitter:label1\" content=\"Dur\u00e9e de lecture estim\u00e9e\" \/>\n\t<meta name=\"twitter:data1\" content=\"2 minutes\" \/>\n<script type=\"application\/ld+json\" class=\"yoast-schema-graph\">{\"@context\":\"https:\\\/\\\/schema.org\",\"@graph\":[{\"@type\":\"WebPage\",\"@id\":\"https:\\\/\\\/tannact.com\\\/fr\\\/concept\\\/\",\"url\":\"https:\\\/\\\/tannact.com\\\/fr\\\/concept\\\/\",\"name\":\"Concept - Tannact - Upcycling Leather\",\"isPartOf\":{\"@id\":\"https:\\\/\\\/tannact.com\\\/fr\\\/#website\"},\"datePublished\":\"2020-10-08T19:27:17+00:00\",\"dateModified\":\"2021-01-04T22:53:00+00:00\",\"breadcrumb\":{\"@id\":\"https:\\\/\\\/tannact.com\\\/fr\\\/concept\\\/#breadcrumb\"},\"inLanguage\":\"fr-FR\",\"potentialAction\":[{\"@type\":\"ReadAction\",\"target\":[\"https:\\\/\\\/tannact.com\\\/fr\\\/concept\\\/\"]}]},{\"@type\":\"BreadcrumbList\",\"@id\":\"https:\\\/\\\/tannact.com\\\/fr\\\/concept\\\/#breadcrumb\",\"itemListElement\":[{\"@type\":\"ListItem\",\"position\":1,\"name\":\"Accueil\",\"item\":\"https:\\\/\\\/tannact.com\\\/fr\\\/\"},{\"@type\":\"ListItem\",\"position\":2,\"name\":\"Concept\"}]},{\"@type\":\"WebSite\",\"@id\":\"https:\\\/\\\/tannact.com\\\/fr\\\/#website\",\"url\":\"https:\\\/\\\/tannact.com\\\/fr\\\/\",\"name\":\"Tannact - Upcycling Leather\",\"description\":\"Un site utilisant WordPress\",\"potentialAction\":[{\"@type\":\"SearchAction\",\"target\":{\"@type\":\"EntryPoint\",\"urlTemplate\":\"https:\\\/\\\/tannact.com\\\/fr\\\/?s={search_term_string}\"},\"query-input\":{\"@type\":\"PropertyValueSpecification\",\"valueRequired\":true,\"valueName\":\"search_term_string\"}}],\"inLanguage\":\"fr-FR\"}]}<\/script>\n<!-- \/ Yoast SEO plugin. -->","yoast_head_json":{"title":"Concept - Tannact - Upcycling Leather","robots":{"index":"index","follow":"follow","max-snippet":"max-snippet:-1","max-image-preview":"max-image-preview:large","max-video-preview":"max-video-preview:-1"},"canonical":"https:\/\/tannact.com\/fr\/concept\/","og_locale":"fr_FR","og_type":"article","og_title":"Concept - Tannact - Upcycling Leather","og_description":"Concept Du recycling \u00e0 l\u2019upcycling L\u2019industrie traditionnelle du cuir est polluante et tr\u00e8s \u00e9nergivore. Les peaux brutes, souvent import\u00e9es de pays lointains, doivent subir de longues et nombreuses transformations avant d\u2019atteindre le stade de peaux tann\u00e9es, destin\u00e9es \u00e0 \u00eatre utilis\u00e9es.&nbsp; Le surplus de peaux d\u00e9class\u00e9es est broy\u00e9 puis agglom\u00e9r\u00e9 pour devenir du cuir reconstitu\u00e9 ou &hellip; Continue reading \"Concept\"","og_url":"https:\/\/tannact.com\/fr\/concept\/","og_site_name":"Tannact - Upcycling Leather","article_modified_time":"2021-01-04T22:53:00+00:00","twitter_card":"summary_large_image","twitter_misc":{"Dur\u00e9e de lecture estim\u00e9e":"2 minutes"},"schema":{"@context":"https:\/\/schema.org","@graph":[{"@type":"WebPage","@id":"https:\/\/tannact.com\/fr\/concept\/","url":"https:\/\/tannact.com\/fr\/concept\/","name":"Concept - Tannact - Upcycling Leather","isPartOf":{"@id":"https:\/\/tannact.com\/fr\/#website"},"datePublished":"2020-10-08T19:27:17+00:00","dateModified":"2021-01-04T22:53:00+00:00","breadcrumb":{"@id":"https:\/\/tannact.com\/fr\/concept\/#breadcrumb"},"inLanguage":"fr-FR","potentialAction":[{"@type":"ReadAction","target":["https:\/\/tannact.com\/fr\/concept\/"]}]},{"@type":"BreadcrumbList","@id":"https:\/\/tannact.com\/fr\/concept\/#breadcrumb","itemListElement":[{"@type":"ListItem","position":1,"name":"Accueil","item":"https:\/\/tannact.com\/fr\/"},{"@type":"ListItem","position":2,"name":"Concept"}]},{"@type":"WebSite","@id":"https:\/\/tannact.com\/fr\/#website","url":"https:\/\/tannact.com\/fr\/","name":"Tannact - Upcycling Leather","description":"Un site utilisant WordPress","potentialAction":[{"@type":"SearchAction","target":{"@type":"EntryPoint","urlTemplate":"https:\/\/tannact.com\/fr\/?s={search_term_string}"},"query-input":{"@type":"PropertyValueSpecification","valueRequired":true,"valueName":"search_term_string"}}],"inLanguage":"fr-FR"}]}},"_links":{"self":[{"href":"https:\/\/tannact.com\/fr\/wp-json\/wp\/v2\/pages\/521","targetHints":{"allow":["GET"]}}],"collection":[{"href":"https:\/\/tannact.com\/fr\/wp-json\/wp\/v2\/pages"}],"about":[{"href":"https:\/\/tannact.com\/fr\/wp-json\/wp\/v2\/types\/page"}],"author":[{"embeddable":true,"href":"https:\/\/tannact.com\/fr\/wp-json\/wp\/v2\/users\/2"}],"replies":[{"embeddable":true,"href":"https:\/\/tannact.com\/fr\/wp-json\/wp\/v2\/comments?post=521"}],"version-history":[{"count":30,"href":"https:\/\/tannact.com\/fr\/wp-json\/wp\/v2\/pages\/521\/revisions"}],"predecessor-version":[{"id":889,"href":"https:\/\/tannact.com\/fr\/wp-json\/wp\/v2\/pages\/521\/revisions\/889"}],"wp:attachment":[{"href":"https:\/\/tannact.com\/fr\/wp-json\/wp\/v2\/media?parent=521"}],"curies":[{"name":"wp","href":"https:\/\/api.w.org\/{rel}","templated":true}]}}