{"id":521,"date":"2020-10-08T21:27:17","date_gmt":"2020-10-08T19:27:17","guid":{"rendered":"https:\/\/tannact.com\/?page_id=521"},"modified":"2021-01-04T23:53:00","modified_gmt":"2021-01-04T22:53:00","slug":"concept","status":"publish","type":"page","link":"https:\/\/tannact.com\/en\/concept\/","title":{"rendered":"Concept"},"content":{"rendered":"<section class=\"skrollable u-align-center-lg u-align-center-md u-align-center-sm u-align-center-xs u-clearfix u-image u-parallax u-shading u-section-2\" id=\"sec-eca5\" data-image-width=\"2560\" data-image-height=\"530\">\n      <div class=\"u-clearfix u-sheet u-valign-middle u-sheet-1\">\n        <h1 class=\"u-align-center u-text u-title u-text-1\" data-animation-name=\"pulse\" data-animation-duration=\"2250\" data-animation-delay=\"0\" data-animation-direction=\"\">Concept<\/h1>\n      <\/div>\n    <\/section>\n    <section class=\"u-clearfix u-section-3\" id=\"carousel_82e4\">\n      <div class=\"u-clearfix u-sheet u-sheet-1\">\n        <img decoding=\"async\" src=\"https:\/\/tannact.com\/wp-content\/uploads\/2020\/10\/upcycling-leather-papier.png\" alt=\"\" class=\"u-align-left u-expanded-width-xs u-image u-left-0 u-image-1\" data-image-width=\"500\" data-image-height=\"320\" data-animation-name=\"fadeIn\" data-animation-duration=\"1750\" data-animation-delay=\"0\">\n        <img decoding=\"async\" src=\"https:\/\/tannact.com\/wp-content\/uploads\/2020\/11\/IMG_20201112_182911.jpg\" alt=\"\" class=\"u-align-left u-image u-right-0 u-image-2\" data-image-width=\"731\" data-image-height=\"756\" data-animation-name=\"fadeIn\" data-animation-duration=\"1750\" data-animation-delay=\"250\">\n        <div class=\"u-container-style u-expanded-width-sm u-expanded-width-xs u-group u-right-0 u-group-1\">\n          <div class=\"u-container-layout u-valign-middle u-container-layout-1\">\n            <h2 class=\"u-align-left u-text u-text-1\">From recycling to upcycling<\/h2>\n            <p class=\"u-align-justify u-text u-text-2\">The traditional leather industry is polluting and very energy intensive. Raw skins, often imported from distant countries, have to undergo numerous, lengthy processing operations before reaching the stage of tanned skins, intended for use.&nbsp;<br>\n              <br>The surplus of downgraded skins is crushed and then agglomerated to become low-end reconstituted or synthetic leather (called \"recycled leather\") - a process that wastes as much material as energy for a low quality result.<br>\n            <\/p>\n          <\/div>\n        <\/div>\n        <div class=\"u-align-justify u-container-style u-expanded-width-xs u-group u-group-2\">\n          <div class=\"u-container-layout u-valign-top-xs u-container-layout-2\">\n            <h4 class=\"u-text u-text-3\">Globally, no less than 800,000 tonnes of leather waste is produced each year.<\/h4>\n          <\/div>\n        <\/div>\n      <\/div>\n    <\/section>\n    <section class=\"u-clearfix u-image u-section-4\" id=\"sec-2668\">\n      <div class=\"u-clearfix u-sheet u-valign-middle u-sheet-1\">\n        <div class=\"u-align-center-lg u-align-center-md u-align-center-sm u-align-center-xl u-container-style u-expanded-width u-group u-group-1\">\n          <div class=\"u-container-layout u-valign-middle u-container-layout-1\">\n            <h2 class=\"u-align-center-xs u-text u-text-1\">Upcycling: environmentally friendly leather&nbsp;<\/h2>\n            <h4 class=\"u-align-center-xs u-text u-text-2\">Having made this alarming finding and convinced that another world was possible, we sought to make improvements and find solutions to reinvent our passion.&nbsp;<\/h4>\n            <p class=\"u-align-center-xs u-text u-text-3\">The idea of \"upcycling\" was the answer! The principle is simple: offering a second life to the existing leather stock, by minimizing processing, limiting the consumption of resources (raw materials, water, energy, etc.) and the production of waste as much as possible.&nbsp;<br>The objective is the creation of quality products by upgrading downgraded skins. We improve appearance and texture using innovative and energy-efficient techniques.\n            <\/p>\n          <\/div>\n        <\/div>\n      <\/div>\n    <\/section>\n    <section class=\"u-clearfix u-grey-10 u-section-5\" id=\"carousel_f5c1\">\n      <div class=\"u-clearfix u-sheet u-valign-middle-lg u-valign-middle-xl u-sheet-1\">\n        <div class=\"u-clearfix u-expanded-width u-gutter-20 u-layout-wrap u-layout-wrap-1\">\n          <div class=\"u-layout\">\n            <div class=\"u-layout-row\">\n              <div class=\"u-size-30\">\n                <div class=\"u-layout-col\">\n                  <div class=\"u-container-style u-image u-layout-cell u-left-cell u-shading u-size-60 u-image-1\" data-image-width=\"1024\" data-image-height=\"522\" data-animation-name=\"fadeIn\" data-animation-duration=\"1750\" data-animation-delay=\"0\">\n                    <div class=\"u-border-10 u-border-white u-container-layout u-container-layout-1\"><\/div>\n                  <\/div>\n                <\/div>\n              <\/div>\n              <div class=\"u-size-30\">\n                <div class=\"u-layout-col\">\n                  <div class=\"u-align-justify u-container-style u-layout-cell u-right-cell u-size-30 u-layout-cell-2\">\n                    <div class=\"u-border-10 u-border-white u-container-layout u-valign-middle u-container-layout-2\">\n                      <h3 class=\"u-text u-text-1\">Upcycling is upgraded recycling through the recovery of unused materials to promote circular economy. Our upcycled items are high grade skins.<\/h3>\n                    <\/div>\n                  <\/div>\n                  <div class=\"u-container-style u-image u-layout-cell u-right-cell u-size-30 u-image-2\" data-image-width=\"626\" data-image-height=\"300\" data-animation-name=\"fadeIn\" data-animation-duration=\"1750\" data-animation-delay=\"0\">\n                    <div class=\"u-border-10 u-border-white u-container-layout u-container-layout-3\"><\/div>\n                  <\/div>\n                <\/div>\n              <\/div>\n            <\/div>\n          <\/div>\n        <\/div>\n      <\/div>\n    <\/section>\n    <section class=\"u-clearfix u-section-6\" id=\"sec-bf30\">\n      <div class=\"u-clearfix u-sheet u-sheet-1\">\n        <div class=\"u-align-center u-container-style u-expanded-width u-group u-group-1\">\n          <div class=\"u-container-layout u-valign-top-lg u-valign-top-md u-valign-top-sm u-valign-top-xs u-container-layout-1\">\n            <h2 class=\"u-align-center u-text u-text-1\">Committed know-how<\/h2>\n            <h4 class=\"u-align-center u-text u-text-default u-text-2\">We are offering you a selection of high-end, environmentally friendly types of leather.&nbsp;<\/h4>\n            <p class=\"u-align-center u-text u-text-3\">To do this, we carefully select skins in order to assess the options and identify the improvements to be made. This is followed by the re-tanning, dyeing and finishing processes to guarantee you a totally upcycled, sustainable, resistant and aesthetic product.&nbsp;<br><b>\n                <br>We put all our expertise to work on ensuring a better use for these otherwise neglected skins.<\/b>\n            <\/p>\n            <a href=\"https:\/\/tannact.com\/en\/produits\/\" class=\"u-border-2 u-border-black u-btn u-button-style u-hover-black u-none u-text-hover-white u-btn-1\">Our ranges<\/a>\n          <\/div>\n        <\/div>\n      <\/div>\n    <\/section>","protected":false},"excerpt":{"rendered":"<p>Concept Du recycling \u00e0 l\u2019upcycling L\u2019industrie traditionnelle du cuir est polluante et tr\u00e8s \u00e9nergivore. Les peaux brutes, souvent import\u00e9es de pays lointains, doivent subir de longues et nombreuses transformations avant d\u2019atteindre le stade de peaux tann\u00e9es, destin\u00e9es \u00e0 \u00eatre utilis\u00e9es.&nbsp; Le surplus de peaux d\u00e9class\u00e9es est broy\u00e9 puis agglom\u00e9r\u00e9 pour devenir du cuir reconstitu\u00e9 ou &hellip; <a href=\"https:\/\/tannact.com\/en\/concept\/\" class=\"more-link\">Continue reading<span class=\"screen-reader-text\"> \u00ab\u00a0Concept\u00a0\u00bb<\/span><\/a><\/p>","protected":false},"author":2,"featured_media":0,"parent":0,"menu_order":0,"comment_status":"closed","ping_status":"closed","template":"","meta":{"footnotes":""},"class_list":["post-521","page","type-page","status-publish","hentry"],"yoast_head":"<!-- This site is optimized with the Yoast SEO plugin v27.5 - https:\/\/yoast.com\/product\/yoast-seo-wordpress\/ -->\n<title>Concept - Tannact - Upcycling Leather<\/title>\n<meta name=\"robots\" content=\"index, follow, max-snippet:-1, max-image-preview:large, max-video-preview:-1\" \/>\n<link rel=\"canonical\" href=\"https:\/\/tannact.com\/en\/concept\/\" \/>\n<meta property=\"og:locale\" content=\"en_US\" \/>\n<meta property=\"og:type\" content=\"article\" \/>\n<meta property=\"og:title\" content=\"Concept - Tannact - Upcycling Leather\" \/>\n<meta property=\"og:description\" content=\"Concept Du recycling \u00e0 l\u2019upcycling L\u2019industrie traditionnelle du cuir est polluante et tr\u00e8s \u00e9nergivore. Les peaux brutes, souvent import\u00e9es de pays lointains, doivent subir de longues et nombreuses transformations avant d\u2019atteindre le stade de peaux tann\u00e9es, destin\u00e9es \u00e0 \u00eatre utilis\u00e9es.&nbsp; Le surplus de peaux d\u00e9class\u00e9es est broy\u00e9 puis agglom\u00e9r\u00e9 pour devenir du cuir reconstitu\u00e9 ou &hellip; Continue reading &quot;Concept&quot;\" \/>\n<meta property=\"og:url\" content=\"https:\/\/tannact.com\/en\/concept\/\" \/>\n<meta property=\"og:site_name\" content=\"Tannact - Upcycling Leather\" \/>\n<meta property=\"article:modified_time\" content=\"2021-01-04T22:53:00+00:00\" \/>\n<meta name=\"twitter:card\" content=\"summary_large_image\" \/>\n<meta name=\"twitter:label1\" content=\"Est. reading time\" \/>\n\t<meta name=\"twitter:data1\" content=\"2 minutes\" \/>\n<script type=\"application\/ld+json\" class=\"yoast-schema-graph\">{\"@context\":\"https:\\\/\\\/schema.org\",\"@graph\":[{\"@type\":\"WebPage\",\"@id\":\"https:\\\/\\\/tannact.com\\\/fr\\\/concept\\\/\",\"url\":\"https:\\\/\\\/tannact.com\\\/fr\\\/concept\\\/\",\"name\":\"Concept - Tannact - Upcycling Leather\",\"isPartOf\":{\"@id\":\"https:\\\/\\\/tannact.com\\\/fr\\\/#website\"},\"datePublished\":\"2020-10-08T19:27:17+00:00\",\"dateModified\":\"2021-01-04T22:53:00+00:00\",\"breadcrumb\":{\"@id\":\"https:\\\/\\\/tannact.com\\\/fr\\\/concept\\\/#breadcrumb\"},\"inLanguage\":\"en-US\",\"potentialAction\":[{\"@type\":\"ReadAction\",\"target\":[\"https:\\\/\\\/tannact.com\\\/fr\\\/concept\\\/\"]}]},{\"@type\":\"BreadcrumbList\",\"@id\":\"https:\\\/\\\/tannact.com\\\/fr\\\/concept\\\/#breadcrumb\",\"itemListElement\":[{\"@type\":\"ListItem\",\"position\":1,\"name\":\"Accueil\",\"item\":\"https:\\\/\\\/tannact.com\\\/fr\\\/\"},{\"@type\":\"ListItem\",\"position\":2,\"name\":\"Concept\"}]},{\"@type\":\"WebSite\",\"@id\":\"https:\\\/\\\/tannact.com\\\/fr\\\/#website\",\"url\":\"https:\\\/\\\/tannact.com\\\/fr\\\/\",\"name\":\"Tannact - Upcycling Leather\",\"description\":\"Un site utilisant WordPress\",\"potentialAction\":[{\"@type\":\"SearchAction\",\"target\":{\"@type\":\"EntryPoint\",\"urlTemplate\":\"https:\\\/\\\/tannact.com\\\/fr\\\/?s={search_term_string}\"},\"query-input\":{\"@type\":\"PropertyValueSpecification\",\"valueRequired\":true,\"valueName\":\"search_term_string\"}}],\"inLanguage\":\"en-US\"}]}<\/script>\n<!-- \/ Yoast SEO plugin. -->","yoast_head_json":{"title":"Concept - Tannact - Upcycling Leather","robots":{"index":"index","follow":"follow","max-snippet":"max-snippet:-1","max-image-preview":"max-image-preview:large","max-video-preview":"max-video-preview:-1"},"canonical":"https:\/\/tannact.com\/en\/concept\/","og_locale":"en_US","og_type":"article","og_title":"Concept - Tannact - Upcycling Leather","og_description":"Concept Du recycling \u00e0 l\u2019upcycling L\u2019industrie traditionnelle du cuir est polluante et tr\u00e8s \u00e9nergivore. Les peaux brutes, souvent import\u00e9es de pays lointains, doivent subir de longues et nombreuses transformations avant d\u2019atteindre le stade de peaux tann\u00e9es, destin\u00e9es \u00e0 \u00eatre utilis\u00e9es.&nbsp; Le surplus de peaux d\u00e9class\u00e9es est broy\u00e9 puis agglom\u00e9r\u00e9 pour devenir du cuir reconstitu\u00e9 ou &hellip; Continue reading \"Concept\"","og_url":"https:\/\/tannact.com\/en\/concept\/","og_site_name":"Tannact - Upcycling Leather","article_modified_time":"2021-01-04T22:53:00+00:00","twitter_card":"summary_large_image","twitter_misc":{"Est. reading time":"2 minutes"},"schema":{"@context":"https:\/\/schema.org","@graph":[{"@type":"WebPage","@id":"https:\/\/tannact.com\/fr\/concept\/","url":"https:\/\/tannact.com\/fr\/concept\/","name":"Concept - Tannact - Upcycling Leather","isPartOf":{"@id":"https:\/\/tannact.com\/fr\/#website"},"datePublished":"2020-10-08T19:27:17+00:00","dateModified":"2021-01-04T22:53:00+00:00","breadcrumb":{"@id":"https:\/\/tannact.com\/fr\/concept\/#breadcrumb"},"inLanguage":"en-US","potentialAction":[{"@type":"ReadAction","target":["https:\/\/tannact.com\/fr\/concept\/"]}]},{"@type":"BreadcrumbList","@id":"https:\/\/tannact.com\/fr\/concept\/#breadcrumb","itemListElement":[{"@type":"ListItem","position":1,"name":"Accueil","item":"https:\/\/tannact.com\/fr\/"},{"@type":"ListItem","position":2,"name":"Concept"}]},{"@type":"WebSite","@id":"https:\/\/tannact.com\/fr\/#website","url":"https:\/\/tannact.com\/fr\/","name":"Tannact - Upcycling Leather","description":"Un site utilisant WordPress","potentialAction":[{"@type":"SearchAction","target":{"@type":"EntryPoint","urlTemplate":"https:\/\/tannact.com\/fr\/?s={search_term_string}"},"query-input":{"@type":"PropertyValueSpecification","valueRequired":true,"valueName":"search_term_string"}}],"inLanguage":"en-US"}]}},"_links":{"self":[{"href":"https:\/\/tannact.com\/en\/wp-json\/wp\/v2\/pages\/521","targetHints":{"allow":["GET"]}}],"collection":[{"href":"https:\/\/tannact.com\/en\/wp-json\/wp\/v2\/pages"}],"about":[{"href":"https:\/\/tannact.com\/en\/wp-json\/wp\/v2\/types\/page"}],"author":[{"embeddable":true,"href":"https:\/\/tannact.com\/en\/wp-json\/wp\/v2\/users\/2"}],"replies":[{"embeddable":true,"href":"https:\/\/tannact.com\/en\/wp-json\/wp\/v2\/comments?post=521"}],"version-history":[{"count":30,"href":"https:\/\/tannact.com\/en\/wp-json\/wp\/v2\/pages\/521\/revisions"}],"predecessor-version":[{"id":889,"href":"https:\/\/tannact.com\/en\/wp-json\/wp\/v2\/pages\/521\/revisions\/889"}],"wp:attachment":[{"href":"https:\/\/tannact.com\/en\/wp-json\/wp\/v2\/media?parent=521"}],"curies":[{"name":"wp","href":"https:\/\/api.w.org\/{rel}","templated":true}]}}